{"id":767,"date":"2024-12-12T18:13:52","date_gmt":"2024-12-12T18:13:52","guid":{"rendered":"https:\/\/didifacialiste.com\/?page_id=767"},"modified":"2024-12-13T12:48:45","modified_gmt":"2024-12-13T12:48:45","slug":"no-longer-in-operation","status":"publish","type":"page","link":"https:\/\/didifacialiste.com\/","title":{"rendered":"no longer in operation"},"content":{"rendered":"<p>[et_pb_section fb_built=&#8221;1&#8243; admin_label=&#8221;Header&#8221; _builder_version=&#8221;4.27.4&#8243; _module_preset=&#8221;default&#8221; use_background_color_gradient=&#8221;on&#8221; background_color_gradient_stops=&#8221;rgba(44,18,0,0.3) 0%|rgba(44,18,0,0.3) 100%&#8221; background_color_gradient_overlays_image=&#8221;on&#8221; background_image=&#8221;https:\/\/didifacialiste.com\/wp-content\/uploads\/2023\/08\/Facial-Lymphatic-Drainage-didifacialiste.jpg&#8221; background_position=&#8221;bottom_center&#8221; custom_padding=&#8221;0px||0px||true|false&#8221; collapsed=&#8221;on&#8221; global_colors_info=&#8221;{}&#8221;][et_pb_row _builder_version=&#8221;4.21.0&#8243; _module_preset=&#8221;default&#8221; width=&#8221;100%&#8221; max_width=&#8221;none&#8221; custom_padding=&#8221;0px|10vw|0px|10vw|true|false&#8221; global_colors_info=&#8221;{}&#8221;][et_pb_column type=&#8221;4_4&#8243; _builder_version=&#8221;4.21.0&#8243; _module_preset=&#8221;default&#8221; border_color_all=&#8221;rgba(243,239,229,0.3)&#8221; border_width_right=&#8221;1px&#8221; border_width_left=&#8221;1px&#8221; global_colors_info=&#8221;{}&#8221;][et_pb_divider show_divider=&#8221;off&#8221; _builder_version=&#8221;4.27.4&#8243; _module_preset=&#8221;default&#8221; height=&#8221;19vw&#8221; height_last_edited=&#8221;off|tablet&#8221; locked=&#8221;off&#8221; global_colors_info=&#8221;{}&#8221;][\/et_pb_divider][et_pb_text _builder_version=&#8221;4.27.4&#8243; _module_preset=&#8221;07bbd8cb-24a8-4841-ae1b-5b45be47d66a&#8221; header_font=&#8221;Prata||||||||&#8221; header_text_color=&#8221;#FFFFFF&#8221; header_font_size=&#8221;4vw&#8221; header_line_height=&#8221;1.2em&#8221; custom_margin=&#8221;||10px||false|false&#8221; hover_enabled=&#8221;0&#8243; header_text_align_tablet=&#8221;&#8221; header_text_align_phone=&#8221;center&#8221; header_text_align_last_edited=&#8221;on|phone&#8221; header_font_size_tablet=&#8221;40px&#8221; header_font_size_phone=&#8221;30px&#8221; header_font_size_last_edited=&#8221;on|desktop&#8221; locked=&#8221;off&#8221; global_colors_info=&#8221;%91%93&#8243; sticky_enabled=&#8221;0&#8243;]<\/p>\n<h1 style=\"text-align: center;\">We are no longer in operation<\/h1>\n<p>[\/et_pb_text][et_pb_text _builder_version=&#8221;4.27.4&#8243; _module_preset=&#8221;default&#8221; sticky_enabled=&#8221;0&#8243; header_font=&#8221;Prata||||||||&#8221; header_text_color=&#8221;#FFFFFF&#8221; header_font_size=&#8221;2vw&#8221; header_font_size_tablet=&#8221;40px&#8221; header_font_size_phone=&#8221;30px&#8221; header_font_size_last_edited=&#8221;on|desktop&#8221; header_line_height=&#8221;1.2em&#8221; custom_margin=&#8221;||10px||false|false&#8221; hover_enabled=&#8221;0&#8243;]<\/p>\n<h1 style=\"text-align: center;\">Nous ne sommes plus en activit\u00e9<\/h1>\n<p>[\/et_pb_text][\/et_pb_column][\/et_pb_row][et_pb_row use_custom_gutter=&#8221;on&#8221; gutter_width=&#8221;1&#8243; make_equal=&#8221;on&#8221; _builder_version=&#8221;4.22.1&#8243; _module_preset=&#8221;default&#8221; width=&#8221;100%&#8221; max_width=&#8221;none&#8221; custom_padding=&#8221;0px|10vw|0px|10vw|true|true&#8221; border_color_all=&#8221;rgba(243,239,229,0.3)&#8221; border_width_top=&#8221;1px&#8221; border_width_bottom=&#8221;1px&#8221; global_colors_info=&#8221;{}&#8221; column_structure=&#8221;1_2,1_2&#8243;][et_pb_column type=&#8221;1_2&#8243; _builder_version=&#8221;4.21.0&#8243; _module_preset=&#8221;default&#8221; custom_padding=&#8221;3vw|3vw|3vw|3vw|true|true&#8221; border_color_all=&#8221;rgba(243,239,229,0.3)&#8221; border_width_right=&#8221;1px&#8221; border_width_left=&#8221;1px&#8221; global_colors_info=&#8221;{}&#8221;][et_pb_text _builder_version=&#8221;4.27.4&#8243; _module_preset=&#8221;_initial&#8221; text_font=&#8221;Lora||||||||&#8221; text_text_color=&#8221;#FFFFFF&#8221; text_font_size=&#8221;18px&#8221; max_width=&#8221;922px&#8221; text_font_size_tablet=&#8221;18px&#8221; text_font_size_phone=&#8221;13px&#8221; text_font_size_last_edited=&#8221;on|phone&#8221; locked=&#8221;off&#8221; global_colors_info=&#8221;%91%93&#8243;]<\/p>\n<p class=\"p1\">Thank you for your support over the year. We regret to inform you that our massage business is no longer in operation. We truly appreciate the opportunity to have served you and wish you all the best in your future wellness journey.<\/p>\n<p>[\/et_pb_text][\/et_pb_column][et_pb_column type=&#8221;1_2&#8243; _builder_version=&#8221;4.21.0&#8243; _module_preset=&#8221;default&#8221; custom_padding=&#8221;3vw|3vw|3vw|3vw|true|true&#8221; border_color_all=&#8221;rgba(243,239,229,0.3)&#8221; border_width_right=&#8221;1px&#8221; border_width_left=&#8221;1px&#8221; global_colors_info=&#8221;{}&#8221;][et_pb_text _builder_version=&#8221;4.27.4&#8243; _module_preset=&#8221;_initial&#8221; text_font=&#8221;Lora||||||||&#8221; text_text_color=&#8221;#FFFFFF&#8221; text_font_size=&#8221;18px&#8221; max_width=&#8221;922px&#8221; hover_enabled=&#8221;0&#8243; text_font_size_tablet=&#8221;18px&#8221; text_font_size_phone=&#8221;13px&#8221; text_font_size_last_edited=&#8221;on|phone&#8221; locked=&#8221;off&#8221; global_colors_info=&#8221;%91%93&#8243; sticky_enabled=&#8221;0&#8243;]<\/p>\n<p class=\"p1\">Nous vous remercions de votre soutien tout au long de l&#8217;ann\u00e9e. Nous regrettons de vous informer que notre entreprise de massage n&#8217;est plus en activit\u00e9. Nous appr\u00e9cions sinc\u00e8rement l&#8217;opportunit\u00e9 de vous avoir servi et vous souhaitons le meilleur dans votre futur parcours de bien-\u00eatre.<\/p>\n<p>[\/et_pb_text][\/et_pb_column][\/et_pb_row][et_pb_row column_structure=&#8221;2_3,1_3&#8243; use_custom_gutter=&#8221;on&#8221; gutter_width=&#8221;1&#8243; make_equal=&#8221;on&#8221; _builder_version=&#8221;4.21.0&#8243; _module_preset=&#8221;default&#8221; width=&#8221;100%&#8221; max_width=&#8221;none&#8221; custom_padding=&#8221;0px|10vw|0px|10vw|true|true&#8221; global_colors_info=&#8221;{}&#8221;][et_pb_column type=&#8221;2_3&#8243; _builder_version=&#8221;4.21.0&#8243; _module_preset=&#8221;default&#8221; border_color_all=&#8221;rgba(243,239,229,0.3)&#8221; border_width_right=&#8221;1px&#8221; border_width_left=&#8221;1px&#8221; global_colors_info=&#8221;{}&#8221;][et_pb_divider show_divider=&#8221;off&#8221; _builder_version=&#8221;4.21.0&#8243; _module_preset=&#8221;default&#8221; height=&#8221;10vw&#8221; height_phone=&#8221;4vw&#8221; height_last_edited=&#8221;off|tablet&#8221; locked=&#8221;off&#8221; global_colors_info=&#8221;{}&#8221;][\/et_pb_divider][\/et_pb_column][et_pb_column type=&#8221;1_3&#8243; _builder_version=&#8221;4.21.0&#8243; _module_preset=&#8221;default&#8221; border_color_all=&#8221;rgba(243,239,229,0.3)&#8221; border_width_right=&#8221;1px&#8221; global_colors_info=&#8221;{}&#8221;][\/et_pb_column][\/et_pb_row][\/et_pb_section][et_pb_section fb_built=&#8221;1&#8243; custom_padding_last_edited=&#8221;on|phone&#8221; admin_label=&#8221;About&#8221; _builder_version=&#8221;4.22.2&#8243; _module_preset=&#8221;default&#8221; background_color=&#8221;#f3efe5&#8243; custom_margin_tablet=&#8221;&#8221; custom_margin_phone=&#8221;&#8221; custom_margin_last_edited=&#8221;on|phone&#8221; custom_padding_tablet=&#8221;&#8221; custom_padding_phone=&#8221;&#8221; module_alignment_tablet=&#8221;&#8221; module_alignment_phone=&#8221;center&#8221; module_alignment_last_edited=&#8221;on|phone&#8221; collapsed=&#8221;on&#8221; global_colors_info=&#8221;{}&#8221;][\/et_pb_section][et_pb_section fb_built=&#8221;1&#8243; admin_label=&#8221;Products&#8221; _builder_version=&#8221;4.22.1&#8243; _module_preset=&#8221;default&#8221; background_color=&#8221;#f3efe5&#8243; custom_padding=&#8221;5px|||||&#8221; collapsed=&#8221;on&#8221; global_colors_info=&#8221;{}&#8221;][et_pb_row _builder_version=&#8221;4.20.0&#8243; _module_preset=&#8221;default&#8221; global_colors_info=&#8221;{}&#8221;][et_pb_column type=&#8221;4_4&#8243; _builder_version=&#8221;4.20.0&#8243; _module_preset=&#8221;default&#8221; global_colors_info=&#8221;{}&#8221;][et_pb_image src=&#8221;https:\/\/didifacialiste.com\/wp-content\/uploads\/2023\/08\/cropped-logo-Deidre-MacCabe.png&#8221; title_text=&#8221;cropped-logo-Deidre-MacCabe.png&#8221; align=&#8221;center&#8221; _builder_version=&#8221;4.27.4&#8243; _module_preset=&#8221;default&#8221; width=&#8221;22%&#8221; width_tablet=&#8221;20%&#8221; width_phone=&#8221;32%&#8221; width_last_edited=&#8221;on|phone&#8221; max_width=&#8221;90%&#8221; module_alignment=&#8221;center&#8221; animation_style=&#8221;zoom&#8221; animation_direction=&#8221;left&#8221; animation_duration=&#8221;1500ms&#8221; animation_delay=&#8221;350ms&#8221; global_colors_info=&#8221;{}&#8221;][\/et_pb_image][\/et_pb_column][\/et_pb_row][\/et_pb_section][et_pb_section fb_built=&#8221;1&#8243; admin_label=&#8221;Footer&#8221; _builder_version=&#8221;4.22.1&#8243; _module_preset=&#8221;default&#8221; background_color=&#8221;#f3efe5&#8243; custom_padding=&#8221;0px||0px||true|false&#8221; border_color_all=&#8221;rgba(102,102,102,0.3)&#8221; border_width_top=&#8221;1px&#8221; saved_tabs=&#8221;all&#8221; collapsed=&#8221;on&#8221; global_colors_info=&#8221;{}&#8221;][et_pb_row _builder_version=&#8221;4.20.0&#8243; _module_preset=&#8221;default&#8221; width=&#8221;100%&#8221; max_width=&#8221;none&#8221; custom_padding=&#8221;0px||0px||true|false&#8221; global_colors_info=&#8221;{}&#8221;][et_pb_column type=&#8221;4_4&#8243; _builder_version=&#8221;4.20.0&#8243; _module_preset=&#8221;default&#8221; global_colors_info=&#8221;{}&#8221;][et_pb_divider color=&#8221;rgba(102,102,102,0.3)&#8221; _builder_version=&#8221;4.20.0&#8243; _module_preset=&#8221;default&#8221; height=&#8221;1px&#8221; global_colors_info=&#8221;{}&#8221;][\/et_pb_divider][\/et_pb_column][\/et_pb_row][et_pb_row _builder_version=&#8221;4.20.0&#8243; _module_preset=&#8221;default&#8221; width=&#8221;100%&#8221; max_width=&#8221;none&#8221; custom_padding=&#8221;0px||0px||true|false&#8221; locked=&#8221;off&#8221; global_colors_info=&#8221;{}&#8221;][et_pb_column type=&#8221;4_4&#8243; _builder_version=&#8221;4.20.0&#8243; _module_preset=&#8221;default&#8221; global_colors_info=&#8221;{}&#8221;][et_pb_divider color=&#8221;rgba(102,102,102,0.3)&#8221; _builder_version=&#8221;4.20.0&#8243; _module_preset=&#8221;default&#8221; height=&#8221;1px&#8221; global_colors_info=&#8221;{}&#8221;][\/et_pb_divider][\/et_pb_column][\/et_pb_row][et_pb_row _builder_version=&#8221;4.20.0&#8243; _module_preset=&#8221;default&#8221; width=&#8221;100%&#8221; max_width=&#8221;none&#8221; border_color_all=&#8221;rgba(102,102,102,0.3)&#8221; border_width_top=&#8221;1px&#8221; global_colors_info=&#8221;{}&#8221;][et_pb_column type=&#8221;4_4&#8243; _builder_version=&#8221;4.20.0&#8243; _module_preset=&#8221;default&#8221; global_colors_info=&#8221;{}&#8221;][\/et_pb_column][\/et_pb_row][\/et_pb_section]<\/p>\n","protected":false},"excerpt":{"rendered":"<p>We are no longer in operationNous ne sommes plus en activit\u00e9Thank you for your support over the year. We regret to inform you that our massage business is no longer in operation. We truly appreciate the opportunity to have served you and wish you all the best in your future wellness journey.Nous vous remercions de [&hellip;]<\/p>\n","protected":false},"author":2,"featured_media":0,"parent":0,"menu_order":0,"comment_status":"closed","ping_status":"closed","template":"page-template-blank.php","meta":{"_et_pb_use_builder":"on","_et_pb_old_content":"","_et_gb_content_width":"","footnotes":""},"_links":{"self":[{"href":"https:\/\/didifacialiste.com\/index.php\/wp-json\/wp\/v2\/pages\/767"}],"collection":[{"href":"https:\/\/didifacialiste.com\/index.php\/wp-json\/wp\/v2\/pages"}],"about":[{"href":"https:\/\/didifacialiste.com\/index.php\/wp-json\/wp\/v2\/types\/page"}],"author":[{"embeddable":true,"href":"https:\/\/didifacialiste.com\/index.php\/wp-json\/wp\/v2\/users\/2"}],"replies":[{"embeddable":true,"href":"https:\/\/didifacialiste.com\/index.php\/wp-json\/wp\/v2\/comments?post=767"}],"version-history":[{"count":6,"href":"https:\/\/didifacialiste.com\/index.php\/wp-json\/wp\/v2\/pages\/767\/revisions"}],"predecessor-version":[{"id":776,"href":"https:\/\/didifacialiste.com\/index.php\/wp-json\/wp\/v2\/pages\/767\/revisions\/776"}],"wp:attachment":[{"href":"https:\/\/didifacialiste.com\/index.php\/wp-json\/wp\/v2\/media?parent=767"}],"curies":[{"name":"wp","href":"https:\/\/api.w.org\/{rel}","templated":true}]}}